{"id":471,"date":"2018-01-08T16:38:51","date_gmt":"2018-01-08T15:38:51","guid":{"rendered":"http:\/\/tmp.frisaye.be\/?page_id=471"},"modified":"2018-01-08T17:44:10","modified_gmt":"2018-01-08T16:44:10","slug":"over-frisaye","status":"publish","type":"page","link":"https:\/\/www.frisaye.be\/nl\/over-frisaye\/","title":{"rendered":"Over Frisaye"},"content":{"rendered":"<p>[vc_row][vc_column][\/vc_column][\/vc_row][vc_row type=&#8221;vc_default&#8221; content_placement=&#8221;middle&#8221; css=&#8221;.vc_custom_1508252553064{padding-top: 32px !important;padding-right: 32px !important;padding-bottom: 32px !important;padding-left: 32px !important;}&#8221;][vc_column width=&#8221;2\/3&#8243;][vc_column_text]<\/p>\n<h2>Wie zijn wij?<\/h2>\n<p>Mario en zijn broer Aldo Franchi namen in 1976 het transportbedrijf Frisaye over. Gestart met slechts drie vrachtwagens, groeide het bedrijf op korte termijn onder hun leiding uit tot een logistieke organisatie met meer dan 180 vrachtwagens, 300 trailers en 450 containers.<\/p>\n<p>Het leveren van kwalitatief hoogstaande logistieke diensten is de prioriteit. Vandaar dat een gemotiveerd team medewerkers elke dag zoekt naar de meest effici\u00ebnte transportoplossingen. Er wordt gewerkt met hoogstaande fleet-managementsystemen die het wagenpark, de chauffeurs en transportdiensten ondersteunen.<\/p>\n<p>Uw goederen worden door Frisaye vervoerd binnen het Europees netwerk. Onze partners in Belgi\u00eb, Luxemburg, Itali\u00eb en Slovakije garanderen een vlotte logistiek naar diverse landen waaronder voornamelijk de Benelux, Frankrijk, Itali\u00eb, Duitsland en de Oostbloklanden.[\/vc_column_text][\/vc_column][vc_column width=&#8221;1\/3&#8243;][vc_single_image image=&#8221;433&#8243; img_size=&#8221;medium&#8221; alignment=&#8221;center&#8221; style=&#8221;vc_box_shadow_3d&#8221; image_hovers=&#8221;false&#8221; lazy_loading=&#8221;true&#8221;][\/vc_column][\/vc_row][vc_row type=&#8221;vc_default&#8221; content_placement=&#8221;middle&#8221; bg_type=&#8221;bg_color&#8221; bg_override=&#8221;ex-full&#8221; bg_color_value=&#8221;#f2f2f2&#8243; css=&#8221;.vc_custom_1508252561004{padding-top: 32px !important;padding-right: 32px !important;padding-bottom: 32px !important;padding-left: 32px !important;}&#8221;][vc_column width=&#8221;1\/3&#8243;][vc_single_image image=&#8221;437&#8243; img_size=&#8221;medium&#8221; alignment=&#8221;center&#8221; style=&#8221;vc_box_shadow_3d&#8221; image_hovers=&#8221;false&#8221; lazy_loading=&#8221;true&#8221;][\/vc_column][vc_column width=&#8221;2\/3&#8243;][vc_column_text]<\/p>\n<h2>Geschiedenis<\/h2>\n<p>Mario Franchi nam in 1976 het bedrijf over van Mijnheer Louis Frisaye. Het bedrijf kende op korte tijd een enorme groei waardoor besloten werd te verhuizen naar de industriezone \u201cIvoz-Ramet\u201d te Fl\u00e9malle.<\/p>\n<p>In 1991 werd het transportbedrijf \u201cLangevin\u201d overgenomen. De nieuwe firma \u201cGreg Transports s.a.\u201d is sindsdien een feit.<\/p>\n<p>Enkele jaren later besliste de familie Franchi te investeren in de oprichting van een derde bedrijf \u201cFM logistics\u201d.<\/p>\n<p>Verdere investeringen leidden in 2004 tot de opening van een bureau in Slovakije en Bratislava. Hiernaast werden er ook heel wat nieuwe vrachtwagens aangekocht allen uitgerust met het fleetmanagement-systeem Transics.<\/p>\n<p>Met meer dan 50 jaar ervaring blijft Transports Frisaye s.a. een vaste waarde in de transportsector. In de nabije toekomst wordt een relocatie van het bedrijf gepland. Een pand dat zal voorzien zijn van alle faciliteiten om steeds opnieuw kwalitatieve diensten aan haar klanten te kunnen bieden.[\/vc_column_text][\/vc_column][\/vc_row][vc_row type=&#8221;vc_default&#8221; content_placement=&#8221;middle&#8221; css=&#8221;.vc_custom_1508252587018{padding-top: 32px !important;padding-right: 32px !important;padding-bottom: 32px !important;padding-left: 32px !important;}&#8221;][vc_column width=&#8221;2\/3&#8243;][vc_column_text]<\/p>\n<h2>Kwaliteit<\/h2>\n<p>Om klanten tevreden te stellen moet kwaliteit geleverd worden. Frisaye hecht bijgevolg enorm veel belang aan het continu controleren van de kwaliteit van de dienstverlening. Door in te spelen op behoeften en verwachtingen van de klant, stelt Frisaye zich de kwaliteit van de dienstverlening voortdurend in vraag.<\/p>\n<p><strong>Frisaye is ISO 9001 gecertificeerd.<\/strong>[\/vc_column_text][\/vc_column][vc_column width=&#8221;1\/3&#8243;][vc_single_image image=&#8221;138&#8243; img_size=&#8221;medium&#8221; alignment=&#8221;center&#8221; image_hovers=&#8221;false&#8221; lazy_loading=&#8221;true&#8221;][\/vc_column][\/vc_row][vc_row type=&#8221;vc_default&#8221; content_placement=&#8221;middle&#8221; bg_type=&#8221;bg_color&#8221; bg_override=&#8221;ex-full&#8221; bg_color_value=&#8221;#f2f2f2&#8243; css=&#8221;.vc_custom_1508252595215{padding-top: 32px !important;padding-right: 32px !important;padding-bottom: 32px !important;padding-left: 32px !important;}&#8221;][vc_column width=&#8221;1\/3&#8243;][vc_single_image image=&#8221;426&#8243; img_size=&#8221;medium&#8221; alignment=&#8221;center&#8221; image_hovers=&#8221;false&#8221; lazy_loading=&#8221;true&#8221;][\/vc_column][vc_column width=&#8221;2\/3&#8243;][vc_column_text]<\/p>\n<h2>Milieu<\/h2>\n<p>Frisaye is zich bewust van de impact van een transportbedrijf op het milieu. Om onze ecologische voetafdruk te verkleinen werd beslist om enkele veranderingen door te voeren. Zo worden er onder andere trainingssessies georganiseerd voor chauffeurs om hen te leren zuiniger en minder vervuilend te rijden. De bedoeling is chauffeurs bewust te maken van het belang een positieve bijdrage te leveren aan de leefomgeving, het milieu en de eigen veiligheid.<\/p>\n<p>Hiernaast heeft Transports Frisaye s.a. zich gespecialiseerd in multimodaal transport waardoor transport op de baan verminderd kan worden en bijgevolg minder vervuilt.[\/vc_column_text][\/vc_column][\/vc_row][vc_row type=&#8221;vc_default&#8221; content_placement=&#8221;middle&#8221; css=&#8221;.vc_custom_1508252603363{padding-top: 32px !important;padding-right: 32px !important;padding-bottom: 32px !important;padding-left: 32px !important;}&#8221;][vc_column width=&#8221;2\/3&#8243;][vc_column_text]<\/p>\n<h2>Ligging<\/h2>\n<p>De hoofdzetel van Frisaye is ideaal gelegen in Fl\u00e9malle, nabij Luik.<\/p>\n<p>Door de nabijheid van de Luikse luchthaven (Bierset) en de vlotte aansluiting op belangrijke autosnelwegen (E40,E313,E42,E25) en de rivier De Maas leent de vestiging van Transports Frisaye s.a. zich uitstekend voor transport naar de Benelux, Frankrijk, Itali\u00eb en Duitsland.<\/p>\n<p>De nauwe samenwerking met partners in Luxemburg, Slovakije en Itali\u00eb garanderen ook een effici\u00ebnte logistiek naar andere landen.[\/vc_column_text][\/vc_column][vc_column width=&#8221;1\/3&#8243;][vc_single_image image=&#8221;420&#8243; img_size=&#8221;medium&#8221; alignment=&#8221;center&#8221; onclick=&#8221;link_image&#8221; image_hovers=&#8221;false&#8221; lazy_loading=&#8221;true&#8221;][\/vc_column][\/vc_row]<\/p>\n","protected":false},"excerpt":{"rendered":"<p>[vc_row][vc_column][\/vc_column][\/vc_row][vc_row type=&#8221;vc_default&#8221; content_placement=&#8221;middle&#8221; css=&#8221;.vc_custom_1508252553064{padding-top: 32px !important;padding-right: 32px !important;padding-bottom: 32px !important;padding-left: 32px !important;}&#8221;][vc_column width=&#8221;2\/3&#8243;][vc_column_text] Wie zijn wij? Mario en zijn broer Aldo Franchi namen in 1976 het transportbedrijf Frisaye over. Gestart met slechts drie vrachtwagens, groeide het bedrijf op korte termijn onder hun leiding uit tot een logistieke organisatie met meer dan 180 vrachtwagens, 300 trailers&hellip;<\/p>\n","protected":false},"author":1,"featured_media":0,"parent":0,"menu_order":0,"comment_status":"closed","ping_status":"closed","template":"","meta":[],"_links":{"self":[{"href":"https:\/\/www.frisaye.be\/nl\/wp-json\/wp\/v2\/pages\/471"}],"collection":[{"href":"https:\/\/www.frisaye.be\/nl\/wp-json\/wp\/v2\/pages"}],"about":[{"href":"https:\/\/www.frisaye.be\/nl\/wp-json\/wp\/v2\/types\/page"}],"author":[{"embeddable":true,"href":"https:\/\/www.frisaye.be\/nl\/wp-json\/wp\/v2\/users\/1"}],"replies":[{"embeddable":true,"href":"https:\/\/www.frisaye.be\/nl\/wp-json\/wp\/v2\/comments?post=471"}],"version-history":[{"count":0,"href":"https:\/\/www.frisaye.be\/nl\/wp-json\/wp\/v2\/pages\/471\/revisions"}],"wp:attachment":[{"href":"https:\/\/www.frisaye.be\/nl\/wp-json\/wp\/v2\/media?parent=471"}],"curies":[{"name":"wp","href":"https:\/\/api.w.org\/{rel}","templated":true}]}}