{"id":504,"date":"2018-01-08T17:16:24","date_gmt":"2018-01-08T16:16:24","guid":{"rendered":"http:\/\/tmp.frisaye.be\/?page_id=504"},"modified":"2018-01-08T17:19:46","modified_gmt":"2018-01-08T16:19:46","slug":"staaltransport","status":"publish","type":"page","link":"https:\/\/www.frisaye.be\/nl\/activiteiten\/staaltransport\/","title":{"rendered":"Staaltransport"},"content":{"rendered":"<p>[vc_row type=&#8221;vc_default&#8221; full_height=&#8221;yes&#8221; bg_type=&#8221;image&#8221; parallax_style=&#8221;vcpb-vz-jquery&#8221; bg_image_new=&#8221;id^232|url^http:\/\/tmp.frisaye.be\/wp-content\/uploads\/2017\/10\/frisaye-transports-bobines-en-acier-bg.jpg|caption^null|alt^null|title^frisaye-transports-bobines-en-acier-bg|description^null&#8221; bg_image_repeat=&#8221;no-repeat&#8221; bg_override=&#8221;ex-full&#8221; enable_overlay=&#8221;enable_overlay_value&#8221; overlay_color=&#8221;#c4c4c4&#8243; overlay_pattern=&#8221;01.png&#8221;][vc_column width=&#8221;2\/3&#8243;][vc_empty_space][vc_column_text]<\/p>\n<h1><span style=\"color: #ffffff;\">Transport de bobines d\u2019acier<\/span><\/h1>\n<p>[\/vc_column_text]<style type=\"text\/css\" data-type=\"the7_shortcodes-inline-css\">.dt-breadcrumbs-id-d54f2871a5ec720f7377807fb589f5a8 .breadcrumbs {\n  display: inline-block;\n  margin: 0;\n  padding: 2px 10px 2px 10px;\n  background: #595959;\n  border: 0px solid ;\n  border-radius: 0px;\n}\n.dt-breadcrumbs-id-d54f2871a5ec720f7377807fb589f5a8 .breadcrumbs * {\n  color: #ffffff;\n}\n<\/style><div class=\"dt-breadcrumbs-shortcode dt-breadcrumbs-id-d54f2871a5ec720f7377807fb589f5a8 align-left\"><div class=\"assistive-text\">Je bent hier:<\/div><ol class=\"breadcrumbs text-small\" itemscope itemtype=\"https:\/\/schema.org\/BreadcrumbList\"><li itemprop=\"itemListElement\" itemscope itemtype=\"https:\/\/schema.org\/ListItem\"><a itemprop=\"item\" href=\"https:\/\/www.frisaye.be\/nl\/\" title=\"Home\"><span itemprop=\"name\">Home<\/span><\/a><meta itemprop=\"position\" content=\"1\" \/><\/li><li class=\"current\" itemprop=\"itemListElement\" itemscope itemtype=\"https:\/\/schema.org\/ListItem\"><span itemprop=\"name\">Page<\/span><meta itemprop=\"position\" content=\"2\" \/><\/li><\/ol><\/div>[vc_empty_space][vc_row_inner css=&#8221;.vc_custom_1507109412637{padding-top: 20px !important;padding-right: 20px !important;padding-bottom: 20px !important;padding-left: 20px !important;}&#8221; el_class=&#8221;boxtxt&#8221;][vc_column_inner][vc_column_text]Staalrollen worden getransporteerd via uitgeruste rollenkuipopleggers. Frisaye beschikt over 300 opleggers waarvan enkele tot 32 ton kunnen vervoeren.<\/p>\n<p>De specialisatie in dit domein maakt van Frisaye Transports s.a. \u00e9\u00e9n van de grootste transporteurs van Belgi\u00eb op het gebied van staalproducten.[\/vc_column_text][vc_empty_space height=&#8221;22px&#8221;][vc_single_image image=&#8221;290&#8243; img_size=&#8221;large&#8221; alignment=&#8221;center&#8221; image_hovers=&#8221;false&#8221; lazy_loading=&#8221;true&#8221;][vc_empty_space height=&#8221;22px&#8221;][vc_widget_sidebar show_bg=&#8221;false&#8221; sidebar_id=&#8221;sidebar_3&#8243; el_class=&#8221;boxcontactus&#8221;][\/vc_column_inner][\/vc_row_inner][vc_empty_space][\/vc_column][vc_column width=&#8221;1\/3&#8243;][vc_empty_space][\/vc_column][\/vc_row]<\/p>\n","protected":false},"excerpt":{"rendered":"<p>[vc_row type=&#8221;vc_default&#8221; full_height=&#8221;yes&#8221; bg_type=&#8221;image&#8221; parallax_style=&#8221;vcpb-vz-jquery&#8221; bg_image_new=&#8221;id^232|url^http:\/\/tmp.frisaye.be\/wp-content\/uploads\/2017\/10\/frisaye-transports-bobines-en-acier-bg.jpg|caption^null|alt^null|title^frisaye-transports-bobines-en-acier-bg|description^null&#8221; bg_image_repeat=&#8221;no-repeat&#8221; bg_override=&#8221;ex-full&#8221; enable_overlay=&#8221;enable_overlay_value&#8221; overlay_color=&#8221;#c4c4c4&#8243; overlay_pattern=&#8221;01.png&#8221;][vc_column width=&#8221;2\/3&#8243;][vc_empty_space][vc_column_text] Transport de bobines d\u2019acier [\/vc_column_text][vc_empty_space][vc_row_inner css=&#8221;.vc_custom_1507109412637{padding-top: 20px !important;padding-right: 20px !important;padding-bottom: 20px !important;padding-left: 20px !important;}&#8221; el_class=&#8221;boxtxt&#8221;][vc_column_inner][vc_column_text]Staalrollen worden getransporteerd via uitgeruste rollenkuipopleggers. Frisaye beschikt over 300 opleggers waarvan enkele tot 32 ton kunnen vervoeren. De specialisatie in dit domein maakt van Frisaye Transports s.a. \u00e9\u00e9n&hellip;<\/p>\n","protected":false},"author":1,"featured_media":0,"parent":515,"menu_order":0,"comment_status":"closed","ping_status":"closed","template":"","meta":[],"_links":{"self":[{"href":"https:\/\/www.frisaye.be\/nl\/wp-json\/wp\/v2\/pages\/504"}],"collection":[{"href":"https:\/\/www.frisaye.be\/nl\/wp-json\/wp\/v2\/pages"}],"about":[{"href":"https:\/\/www.frisaye.be\/nl\/wp-json\/wp\/v2\/types\/page"}],"author":[{"embeddable":true,"href":"https:\/\/www.frisaye.be\/nl\/wp-json\/wp\/v2\/users\/1"}],"replies":[{"embeddable":true,"href":"https:\/\/www.frisaye.be\/nl\/wp-json\/wp\/v2\/comments?post=504"}],"version-history":[{"count":0,"href":"https:\/\/www.frisaye.be\/nl\/wp-json\/wp\/v2\/pages\/504\/revisions"}],"up":[{"embeddable":true,"href":"https:\/\/www.frisaye.be\/nl\/wp-json\/wp\/v2\/pages\/515"}],"wp:attachment":[{"href":"https:\/\/www.frisaye.be\/nl\/wp-json\/wp\/v2\/media?parent=504"}],"curies":[{"name":"wp","href":"https:\/\/api.w.org\/{rel}","templated":true}]}}